{"id":91,"date":"2026-01-18T19:37:34","date_gmt":"2026-01-18T19:37:34","guid":{"rendered":"https:\/\/teijaalanen.fi\/?page_id=91"},"modified":"2026-03-30T18:49:25","modified_gmt":"2026-03-30T18:49:25","slug":"miksi-vihreat","status":"publish","type":"page","link":"https:\/\/teijaalanen.fi\/index.php\/miksi-vihreat\/","title":{"rendered":"Miksi Vihre\u00e4t?"},"content":{"rendered":"\n<p>Vihre\u00e4t oli puoluevalintani siksi, ett\u00e4 koen puolueista vihreiden ajavat vahvimmin minulle t\u00e4rkeiden arvojen: ihmisten yhdenvertaisuuden, sivistyksen, luonnon ja el\u00e4inten asiaa.&nbsp;<\/p>\n\n\n\n<p><strong>Ihmisten yhdenvertaisuus<\/strong><\/p>\n\n\n\n<p>Jokaisella ihmisell\u00e4 tulee olla yht\u00e4l\u00e4iset oikeudet ja mahdollisuudet el\u00e4\u00e4 hyv\u00e4\u00e4 el\u00e4m\u00e4\u00e4 taustastaan, varallisuudestaan, i\u00e4st\u00e4\u00e4n, sukupuolestaan, terveydentilastaan tai vakaumuksestaan riippumatta. Yhteiskunnan teht\u00e4v\u00e4 on tunnistaa eriarvoisuutta synnytt\u00e4v\u00e4t rakenteet ja purkaa niit\u00e4 aktiivisesti.<\/p>\n\n\n\n<p><strong>Sivistys<\/strong><\/p>\n\n\n\n<p>Sivistys tarkoittaa minulle avarakatseisuutta, tiedon arvostamista, kriittist\u00e4 ajattelua ja halua ymm\u00e4rt\u00e4\u00e4 muita. Sivistys on my\u00f6s kyky\u00e4 k\u00e4yd\u00e4 rakentavaa keskustelua ja tehd\u00e4 p\u00e4\u00e4t\u00f6ksi\u00e4, jotka kantavat vastuuta tulevaisuudesta. Laadukas koulutus ja kulttuuri ovat sivistyksen perusta ja koko yhteiskunnan menestyksen edellytys.<\/p>\n\n\n\n<p><strong>Luonto<\/strong><\/p>\n\n\n\n<p>Nykyinen el\u00e4m\u00e4ntapamme kuluttaa enemm\u00e4n kuin maapallo kest\u00e4\u00e4. Kaikissa toimissamme meid\u00e4n tulisi pyrki\u00e4 kohti hiilineutraaliutta ja kest\u00e4v\u00e4\u00e4 kulutuksen tasoa.&nbsp;Uusiutuva energia ja kiertotalous voivat tarjota t\u00e4h\u00e4n konkreettisia ja realistisia ratkaisuja.&nbsp;&nbsp;P\u00e4\u00e4t\u00f6ksenteossa on huomioitava luonnon monimuotoisuus, paikallisella tasolla my\u00f6s l\u00e4hiluonto ja kest\u00e4v\u00e4 kaupunkisuunnittelu.&nbsp;<\/p>\n\n\n\n<p><strong>El\u00e4imet<\/strong><br>El\u00e4imet eiv\u00e4t ole v\u00e4lineit\u00e4 ihmisen tarpeille, vaan tuntevia olentoja. El\u00e4inten hyvinvointi tulee ottaa vakavasti niin maataloudessa, lemmikkiel\u00e4inten pidossa kuin luonnonvaraisten el\u00e4inten kohtelussa. Yhteiskunnan tulee edist\u00e4\u00e4 eettisi\u00e4 valintoja ja v\u00e4hent\u00e4\u00e4 el\u00e4inten tarpeetonta k\u00e4rsimyst\u00e4.<\/p>\n","protected":false},"excerpt":{"rendered":"<p>Vihre\u00e4t oli puoluevalintani siksi, ett\u00e4 koen puolueista vihreiden ajavat vahvimmin minulle t\u00e4rkeiden arvojen: ihmisten yhdenvertaisuuden, sivistyksen, luonnon ja el\u00e4inten asiaa.&nbsp; Ihmisten yhdenvertaisuus Jokaisella ihmisell\u00e4 tulee olla yht\u00e4l\u00e4iset oikeudet ja mahdollisuudet el\u00e4\u00e4 hyv\u00e4\u00e4 el\u00e4m\u00e4\u00e4 taustastaan, varallisuudestaan, i\u00e4st\u00e4\u00e4n, sukupuolestaan, terveydentilastaan tai vakaumuksestaan riippumatta. Yhteiskunnan teht\u00e4v\u00e4 on tunnistaa eriarvoisuutta synnytt\u00e4v\u00e4t rakenteet ja purkaa niit\u00e4 aktiivisesti. Sivistys Sivistys tarkoittaa&#8230;<\/p>\n","protected":false},"author":1,"featured_media":0,"parent":0,"menu_order":0,"comment_status":"closed","ping_status":"closed","template":"","meta":{"footnotes":""},"class_list":["post-91","page","type-page","status-publish","hentry"],"_links":{"self":[{"href":"https:\/\/teijaalanen.fi\/index.php\/wp-json\/wp\/v2\/pages\/91","targetHints":{"allow":["GET"]}}],"collection":[{"href":"https:\/\/teijaalanen.fi\/index.php\/wp-json\/wp\/v2\/pages"}],"about":[{"href":"https:\/\/teijaalanen.fi\/index.php\/wp-json\/wp\/v2\/types\/page"}],"author":[{"embeddable":true,"href":"https:\/\/teijaalanen.fi\/index.php\/wp-json\/wp\/v2\/users\/1"}],"replies":[{"embeddable":true,"href":"https:\/\/teijaalanen.fi\/index.php\/wp-json\/wp\/v2\/comments?post=91"}],"version-history":[{"count":2,"href":"https:\/\/teijaalanen.fi\/index.php\/wp-json\/wp\/v2\/pages\/91\/revisions"}],"predecessor-version":[{"id":278,"href":"https:\/\/teijaalanen.fi\/index.php\/wp-json\/wp\/v2\/pages\/91\/revisions\/278"}],"wp:attachment":[{"href":"https:\/\/teijaalanen.fi\/index.php\/wp-json\/wp\/v2\/media?parent=91"}],"curies":[{"name":"wp","href":"https:\/\/api.w.org\/{rel}","templated":true}]}}