{"id":7,"date":"2026-01-17T16:52:59","date_gmt":"2026-01-17T16:52:59","guid":{"rendered":"https:\/\/teijaalanen.fi\/index.php\/blogi\/"},"modified":"2026-01-23T17:54:43","modified_gmt":"2026-01-23T17:54:43","slug":"blogi","status":"publish","type":"page","link":"https:\/\/teijaalanen.fi\/index.php\/blogi\/","title":{"rendered":"Kaikki julkaisut"},"content":{"rendered":"\n\n<ul class=\"wp-block-latest-posts__list wp-block-latest-posts\"><li><a class=\"wp-block-latest-posts__post-title\" href=\"https:\/\/teijaalanen.fi\/index.php\/2026\/04\/14\/apu-ei-ehdi-jos-se-tulee-liian-kaukaa\/\">Apu ei ehdi, jos se tulee liian kaukaa<\/a><\/li>\n<li><a class=\"wp-block-latest-posts__post-title\" href=\"https:\/\/teijaalanen.fi\/index.php\/2026\/04\/10\/tyottomyysturva-tukemaan-yrittajyyden-kokeilemista\/\">Ty\u00f6tt\u00f6myysturva tukemaan yritt\u00e4jyyden kokeilemista<\/a><\/li>\n<li><a class=\"wp-block-latest-posts__post-title\" href=\"https:\/\/teijaalanen.fi\/index.php\/2026\/04\/07\/kaupunki-ilman-tolpparoskiksia\/\">Kaupunki ilman tolpparoskiksia?<\/a><\/li>\n<li><a class=\"wp-block-latest-posts__post-title\" href=\"https:\/\/teijaalanen.fi\/index.php\/2026\/04\/05\/vanhan-kaivoksen-uusi-elama\/\">Vanhan kaivoksen uusi el\u00e4m\u00e4<\/a><\/li>\n<li><a class=\"wp-block-latest-posts__post-title\" href=\"https:\/\/teijaalanen.fi\/index.php\/2026\/03\/30\/papa-kokeiden-tarkeydesta\/\">Papa-kokeiden t\u00e4rkeydest\u00e4<\/a><\/li>\n<\/ul>\n\n<ul class=\"wp-block-archives-list wp-block-archives\">\t<li><a href='https:\/\/teijaalanen.fi\/index.php\/2026\/04\/'>huhtikuu 2026<\/a><\/li>\n\t<li><a href='https:\/\/teijaalanen.fi\/index.php\/2026\/03\/'>maaliskuu 2026<\/a><\/li>\n\t<li><a href='https:\/\/teijaalanen.fi\/index.php\/2026\/02\/'>helmikuu 2026<\/a><\/li>\n\t<li><a href='https:\/\/teijaalanen.fi\/index.php\/2026\/01\/'>tammikuu 2026<\/a><\/li>\n\t<li><a href='https:\/\/teijaalanen.fi\/index.php\/2025\/12\/'>joulukuu 2025<\/a><\/li>\n\t<li><a href='https:\/\/teijaalanen.fi\/index.php\/2025\/11\/'>marraskuu 2025<\/a><\/li>\n\t<li><a href='https:\/\/teijaalanen.fi\/index.php\/2025\/08\/'>elokuu 2025<\/a><\/li>\n\t<li><a href='https:\/\/teijaalanen.fi\/index.php\/2025\/04\/'>huhtikuu 2025<\/a><\/li>\n<\/ul>\n\n<ul class=\"wp-block-categories-list wp-block-categories\">\t<li class=\"cat-item cat-item-6\"><a href=\"https:\/\/teijaalanen.fi\/index.php\/category\/mielipide\/\">Mielipiteet<\/a>\n<\/li>\n\t<li class=\"cat-item cat-item-106\"><a href=\"https:\/\/teijaalanen.fi\/index.php\/category\/reunamerkinta\/\">Reunamerkint\u00f6j\u00e4 arjesta<\/a>\n<\/li>\n\t<li class=\"cat-item cat-item-1\"><a href=\"https:\/\/teijaalanen.fi\/index.php\/category\/uncategorized\/\">Uncategorized<\/a>\n<\/li>\n\t<li class=\"cat-item cat-item-5\"><a href=\"https:\/\/teijaalanen.fi\/index.php\/category\/valtuustoaloite\/\">Valtuustoaloiteet<\/a>\n<\/li>\n<\/ul>\n\n<p class=\"wp-block-tag-cloud\"><a href=\"https:\/\/teijaalanen.fi\/index.php\/tag\/arjen-tuki\/\" class=\"tag-cloud-link tag-link-266 tag-link-position-1\" style=\"font-size: 8pt;\" aria-label=\"arjen tuki (1 kohde)\">arjen tuki<\/a>\n<a href=\"https:\/\/teijaalanen.fi\/index.php\/tag\/ehkaiseva-terveydenhoito\/\" class=\"tag-cloud-link tag-link-284 tag-link-position-2\" style=\"font-size: 8pt;\" aria-label=\"ehk\u00e4isev\u00e4 terveydenhoito (1 kohde)\">ehk\u00e4isev\u00e4 terveydenhoito<\/a>\n<a href=\"https:\/\/teijaalanen.fi\/index.php\/tag\/elinvoima\/\" class=\"tag-cloud-link tag-link-95 tag-link-position-3\" style=\"font-size: 18.5pt;\" aria-label=\"elinvoima (3 kohdetta)\">elinvoima<\/a>\n<a href=\"https:\/\/teijaalanen.fi\/index.php\/tag\/ennaltaehkaisy\/\" class=\"tag-cloud-link tag-link-265 tag-link-position-4\" style=\"font-size: 18.5pt;\" aria-label=\"ennaltaehk\u00e4isy (3 kohdetta)\">ennaltaehk\u00e4isy<\/a>\n<a href=\"https:\/\/teijaalanen.fi\/index.php\/tag\/gynekologi\/\" class=\"tag-cloud-link tag-link-290 tag-link-position-5\" style=\"font-size: 8pt;\" aria-label=\"gynekologi (1 kohde)\">gynekologi<\/a>\n<a href=\"https:\/\/teijaalanen.fi\/index.php\/tag\/gynekologinen-tutkimus\/\" class=\"tag-cloud-link tag-link-276 tag-link-position-6\" style=\"font-size: 8pt;\" aria-label=\"gynekologinen tutkimus (1 kohde)\">gynekologinen tutkimus<\/a>\n<a href=\"https:\/\/teijaalanen.fi\/index.php\/tag\/hyvinvointi\/\" class=\"tag-cloud-link tag-link-156 tag-link-position-7\" style=\"font-size: 14.3pt;\" aria-label=\"hyvinvointi (2 kohdetta)\">hyvinvointi<\/a>\n<a href=\"https:\/\/teijaalanen.fi\/index.php\/tag\/hyvinvointipalvelut\/\" class=\"tag-cloud-link tag-link-263 tag-link-position-8\" style=\"font-size: 8pt;\" aria-label=\"hyvinvointipalvelut (1 kohde)\">hyvinvointipalvelut<\/a>\n<a href=\"https:\/\/teijaalanen.fi\/index.php\/tag\/joensuu\/\" class=\"tag-cloud-link tag-link-164 tag-link-position-9\" style=\"font-size: 18.5pt;\" aria-label=\"Joensuu (3 kohdetta)\">Joensuu<\/a>\n<a href=\"https:\/\/teijaalanen.fi\/index.php\/tag\/kasvatustyo\/\" class=\"tag-cloud-link tag-link-259 tag-link-position-10\" style=\"font-size: 8pt;\" aria-label=\"kasvatusty\u00f6 (1 kohde)\">kasvatusty\u00f6<\/a>\n<a href=\"https:\/\/teijaalanen.fi\/index.php\/tag\/kaupunkikehitys\/\" class=\"tag-cloud-link tag-link-68 tag-link-position-11\" style=\"font-size: 18.5pt;\" aria-label=\"Kaupunkikehitys (3 kohdetta)\">Kaupunkikehitys<\/a>\n<a href=\"https:\/\/teijaalanen.fi\/index.php\/tag\/kaupunkikuva\/\" class=\"tag-cloud-link tag-link-61 tag-link-position-12\" style=\"font-size: 14.3pt;\" aria-label=\"Kaupunkikuva (2 kohdetta)\">Kaupunkikuva<\/a>\n<a href=\"https:\/\/teijaalanen.fi\/index.php\/tag\/kaupunkisuunnittelu\/\" class=\"tag-cloud-link tag-link-62 tag-link-position-13\" style=\"font-size: 18.5pt;\" aria-label=\"Kaupunkisuunnittelu (3 kohdetta)\">Kaupunkisuunnittelu<\/a>\n<a href=\"https:\/\/teijaalanen.fi\/index.php\/tag\/koulutus\/\" class=\"tag-cloud-link tag-link-48 tag-link-position-14\" style=\"font-size: 14.3pt;\" aria-label=\"koulutus (2 kohdetta)\">koulutus<\/a>\n<a href=\"https:\/\/teijaalanen.fi\/index.php\/tag\/lasten-hyvinvointi\/\" class=\"tag-cloud-link tag-link-255 tag-link-position-15\" style=\"font-size: 8pt;\" aria-label=\"lasten hyvinvointi (1 kohde)\">lasten hyvinvointi<\/a>\n<a href=\"https:\/\/teijaalanen.fi\/index.php\/tag\/lasten-oikeudet\/\" class=\"tag-cloud-link tag-link-267 tag-link-position-16\" style=\"font-size: 8pt;\" aria-label=\"lasten oikeudet (1 kohde)\">lasten oikeudet<\/a>\n<a href=\"https:\/\/teijaalanen.fi\/index.php\/tag\/lahiluonto\/\" class=\"tag-cloud-link tag-link-140 tag-link-position-17\" style=\"font-size: 14.3pt;\" aria-label=\"l\u00e4hiluonto (2 kohdetta)\">l\u00e4hiluonto<\/a>\n<a href=\"https:\/\/teijaalanen.fi\/index.php\/tag\/oireettomuus\/\" class=\"tag-cloud-link tag-link-288 tag-link-position-18\" style=\"font-size: 8pt;\" aria-label=\"oireettomuus (1 kohde)\">oireettomuus<\/a>\n<a href=\"https:\/\/teijaalanen.fi\/index.php\/tag\/osallistuminen\/\" class=\"tag-cloud-link tag-link-282 tag-link-position-19\" style=\"font-size: 8pt;\" aria-label=\"osallistuminen (1 kohde)\">osallistuminen<\/a>\n<a href=\"https:\/\/teijaalanen.fi\/index.php\/tag\/palvelutaso\/\" class=\"tag-cloud-link tag-link-244 tag-link-position-20\" style=\"font-size: 14.3pt;\" aria-label=\"palvelutaso (2 kohdetta)\">palvelutaso<\/a>\n<a href=\"https:\/\/teijaalanen.fi\/index.php\/tag\/perheiden-tukeminen\/\" class=\"tag-cloud-link tag-link-254 tag-link-position-21\" style=\"font-size: 8pt;\" aria-label=\"perheiden tukeminen (1 kohde)\">perheiden tukeminen<\/a>\n<a href=\"https:\/\/teijaalanen.fi\/index.php\/tag\/perhepalvelut\/\" class=\"tag-cloud-link tag-link-262 tag-link-position-22\" style=\"font-size: 8pt;\" aria-label=\"perhepalvelut (1 kohde)\">perhepalvelut<\/a>\n<a href=\"https:\/\/teijaalanen.fi\/index.php\/tag\/pohjois-karjala\/\" class=\"tag-cloud-link tag-link-12 tag-link-position-23\" style=\"font-size: 22pt;\" aria-label=\"Pohjois-Karjala (4 kohdetta)\">Pohjois-Karjala<\/a>\n<a href=\"https:\/\/teijaalanen.fi\/index.php\/tag\/riskitekijat\/\" class=\"tag-cloud-link tag-link-287 tag-link-position-24\" style=\"font-size: 8pt;\" aria-label=\"riskitekij\u00e4t (1 kohde)\">riskitekij\u00e4t<\/a>\n<a href=\"https:\/\/teijaalanen.fi\/index.php\/tag\/siun-sote\/\" class=\"tag-cloud-link tag-link-21 tag-link-position-25\" style=\"font-size: 14.3pt;\" aria-label=\"Siun Sote (2 kohdetta)\">Siun Sote<\/a>\n<a href=\"https:\/\/teijaalanen.fi\/index.php\/tag\/sosiaalipalvelut\/\" class=\"tag-cloud-link tag-link-264 tag-link-position-26\" style=\"font-size: 8pt;\" aria-label=\"sosiaalipalvelut (1 kohde)\">sosiaalipalvelut<\/a>\n<a href=\"https:\/\/teijaalanen.fi\/index.php\/tag\/suojaosa\/\" class=\"tag-cloud-link tag-link-352 tag-link-position-27\" style=\"font-size: 14.3pt;\" aria-label=\"suojaosa (2 kohdetta)\">suojaosa<\/a>\n<a href=\"https:\/\/teijaalanen.fi\/index.php\/tag\/saannollinen-seuranta\/\" class=\"tag-cloud-link tag-link-289 tag-link-position-28\" style=\"font-size: 8pt;\" aria-label=\"s\u00e4\u00e4nn\u00f6llinen seuranta (1 kohde)\">s\u00e4\u00e4nn\u00f6llinen seuranta<\/a>\n<a href=\"https:\/\/teijaalanen.fi\/index.php\/tag\/terveydenhuolto\/\" class=\"tag-cloud-link tag-link-73 tag-link-position-29\" style=\"font-size: 14.3pt;\" aria-label=\"Terveydenhuolto (2 kohdetta)\">Terveydenhuolto<\/a>\n<a href=\"https:\/\/teijaalanen.fi\/index.php\/tag\/terveyskayttaytyminen\/\" class=\"tag-cloud-link tag-link-286 tag-link-position-30\" style=\"font-size: 8pt;\" aria-label=\"terveysk\u00e4ytt\u00e4ytyminen (1 kohde)\">terveysk\u00e4ytt\u00e4ytyminen<\/a>\n<a href=\"https:\/\/teijaalanen.fi\/index.php\/tag\/terveystietoisuus\/\" class=\"tag-cloud-link tag-link-283 tag-link-position-31\" style=\"font-size: 8pt;\" aria-label=\"terveystietoisuus (1 kohde)\">terveystietoisuus<\/a>\n<a href=\"https:\/\/teijaalanen.fi\/index.php\/tag\/turvallisuus\/\" class=\"tag-cloud-link tag-link-234 tag-link-position-32\" style=\"font-size: 14.3pt;\" aria-label=\"turvallisuus (2 kohdetta)\">turvallisuus<\/a>\n<a href=\"https:\/\/teijaalanen.fi\/index.php\/tag\/tutkimuksiin-hakeutuminen\/\" class=\"tag-cloud-link tag-link-285 tag-link-position-33\" style=\"font-size: 8pt;\" aria-label=\"tutkimuksiin hakeutuminen (1 kohde)\">tutkimuksiin hakeutuminen<\/a>\n<a href=\"https:\/\/teijaalanen.fi\/index.php\/tag\/tyopaikat\/\" class=\"tag-cloud-link tag-link-94 tag-link-position-34\" style=\"font-size: 14.3pt;\" aria-label=\"ty\u00f6paikat (2 kohdetta)\">ty\u00f6paikat<\/a>\n<a href=\"https:\/\/teijaalanen.fi\/index.php\/tag\/tyottomyys\/\" class=\"tag-cloud-link tag-link-7 tag-link-position-35\" style=\"font-size: 14.3pt;\" aria-label=\"ty\u00f6tt\u00f6myys (2 kohdetta)\">ty\u00f6tt\u00f6myys<\/a>\n<a href=\"https:\/\/teijaalanen.fi\/index.php\/tag\/tyottomyysturva\/\" class=\"tag-cloud-link tag-link-350 tag-link-position-36\" style=\"font-size: 14.3pt;\" aria-label=\"ty\u00f6tt\u00f6myysturva (2 kohdetta)\">ty\u00f6tt\u00f6myysturva<\/a>\n<a href=\"https:\/\/teijaalanen.fi\/index.php\/tag\/valtuustoaloite\/\" class=\"tag-cloud-link tag-link-19 tag-link-position-37\" style=\"font-size: 14.3pt;\" aria-label=\"valtuustoaloite (2 kohdetta)\">valtuustoaloite<\/a>\n<a href=\"https:\/\/teijaalanen.fi\/index.php\/tag\/vanhemmuus\/\" class=\"tag-cloud-link tag-link-256 tag-link-position-38\" style=\"font-size: 8pt;\" aria-label=\"vanhemmuus (1 kohde)\">vanhemmuus<\/a>\n<a href=\"https:\/\/teijaalanen.fi\/index.php\/tag\/vapaaehtoistyo\/\" class=\"tag-cloud-link tag-link-128 tag-link-position-39\" style=\"font-size: 14.3pt;\" aria-label=\"vapaaehtoisty\u00f6 (2 kohdetta)\">vapaaehtoisty\u00f6<\/a>\n<a href=\"https:\/\/teijaalanen.fi\/index.php\/tag\/varhainen-tuki\/\" class=\"tag-cloud-link tag-link-261 tag-link-position-40\" style=\"font-size: 8pt;\" aria-label=\"varhainen tuki (1 kohde)\">varhainen tuki<\/a>\n<a href=\"https:\/\/teijaalanen.fi\/index.php\/tag\/yhteinen-vastuu\/\" class=\"tag-cloud-link tag-link-257 tag-link-position-41\" style=\"font-size: 8pt;\" aria-label=\"yhteinen vastuu (1 kohde)\">yhteinen vastuu<\/a>\n<a href=\"https:\/\/teijaalanen.fi\/index.php\/tag\/yhteiskunnan-vastuu\/\" class=\"tag-cloud-link tag-link-258 tag-link-position-42\" style=\"font-size: 8pt;\" aria-label=\"yhteiskunnan vastuu (1 kohde)\">yhteiskunnan vastuu<\/a>\n<a href=\"https:\/\/teijaalanen.fi\/index.php\/tag\/yhteistyo\/\" class=\"tag-cloud-link tag-link-260 tag-link-position-43\" style=\"font-size: 8pt;\" aria-label=\"yhteisty\u00f6 (1 kohde)\">yhteisty\u00f6<\/a>\n<a href=\"https:\/\/teijaalanen.fi\/index.php\/tag\/yhteisollisyys\/\" class=\"tag-cloud-link tag-link-44 tag-link-position-44\" style=\"font-size: 18.5pt;\" aria-label=\"yhteis\u00f6llisyys (3 kohdetta)\">yhteis\u00f6llisyys<\/a>\n<a href=\"https:\/\/teijaalanen.fi\/index.php\/tag\/yrittajyys\/\" class=\"tag-cloud-link tag-link-165 tag-link-position-45\" style=\"font-size: 14.3pt;\" aria-label=\"yritt\u00e4jyys (2 kohdetta)\">yritt\u00e4jyys<\/a><\/p>","protected":false},"excerpt":{"rendered":"","protected":false},"author":1,"featured_media":0,"parent":0,"menu_order":0,"comment_status":"closed","ping_status":"closed","template":"","meta":{"footnotes":""},"class_list":["post-7","page","type-page","status-publish","hentry"],"_links":{"self":[{"href":"https:\/\/teijaalanen.fi\/index.php\/wp-json\/wp\/v2\/pages\/7","targetHints":{"allow":["GET"]}}],"collection":[{"href":"https:\/\/teijaalanen.fi\/index.php\/wp-json\/wp\/v2\/pages"}],"about":[{"href":"https:\/\/teijaalanen.fi\/index.php\/wp-json\/wp\/v2\/types\/page"}],"author":[{"embeddable":true,"href":"https:\/\/teijaalanen.fi\/index.php\/wp-json\/wp\/v2\/users\/1"}],"replies":[{"embeddable":true,"href":"https:\/\/teijaalanen.fi\/index.php\/wp-json\/wp\/v2\/comments?post=7"}],"version-history":[{"count":7,"href":"https:\/\/teijaalanen.fi\/index.php\/wp-json\/wp\/v2\/pages\/7\/revisions"}],"predecessor-version":[{"id":181,"href":"https:\/\/teijaalanen.fi\/index.php\/wp-json\/wp\/v2\/pages\/7\/revisions\/181"}],"wp:attachment":[{"href":"https:\/\/teijaalanen.fi\/index.php\/wp-json\/wp\/v2\/media?parent=7"}],"curies":[{"name":"wp","href":"https:\/\/api.w.org\/{rel}","templated":true}]}}