{"id":202,"date":"2026-01-24T10:17:29","date_gmt":"2026-01-24T10:17:29","guid":{"rendered":"https:\/\/teijaalanen.fi\/?page_id=202"},"modified":"2026-03-30T19:03:02","modified_gmt":"2026-03-30T19:03:02","slug":"eraan-kulkijan-satu-vaarojen-mailta","status":"publish","type":"page","link":"https:\/\/teijaalanen.fi\/index.php\/eraan-kulkijan-satu-vaarojen-mailta\/","title":{"rendered":"Er\u00e4\u00e4n kulkijan satu"},"content":{"rendered":"\n<p>Kauan sitten \u2013 tai ei oikeastaan niin kovin kauan sitten \u2013 syntyi Kainuussa Puolangalla tytt\u00f6, perheen toiseksi lapseksi. Tyt\u00f6n is\u00e4 korjasi pienkoneita, ajoi kuorma-autoa, rakensi taloja &#8211; mit\u00e4 ty\u00f6t\u00e4 nyt milloinkin sattui tarjolla olemaan. Tyt\u00f6n \u00e4iti puolestaan ompeli tehtaalla j\u00e4\u00e4kiekkovarusteita ja hiihtohansikkaita. <\/p>\n\n\n\n<p>Pieness\u00e4 pit\u00e4j\u00e4ss\u00e4 el\u00e4m\u00e4 oli yksinkertaista, mutta tarjosi silti monenlaista koettavaa. My\u00f6s vaaramaisemien halki kulkevat tiet houkuttivat uteliasta tytt\u00f6\u00e4 kulkemaan ja n\u00e4kem\u00e4\u00e4n maailmaa.<\/p>\n\n\n\n<p>Tytt\u00f6 oli harvoin paikallaan. H\u00e4n kiersi kyl\u00e4\u00e4 kuin tuuli: kerhosta kuoroon, koirien tai lehmien seuraan. H\u00e4n hypp\u00e4si mopon, hevosen tai moottorikelkan selk\u00e4\u00e4n ja kes\u00e4isin laiturilta j\u00e4rven kirkkaaseen veteen. Kirjaston ja kansalaisopiston ovet siin\u00e4 miss\u00e4 Paljakan rinteetkin k\u00e4viv\u00e4t tyt\u00f6lle tutuiksi. V\u00e4lill\u00e4 tytt\u00f6 p\u00e4\u00e4si mukaan puuhaamaan erilaisia tapahtumia: rastiviikkoa, koiran\u00e4yttelyit\u00e4 tai jokkiskisoja. Aina l\u00f6ytyi syy olla menossa.<\/p>\n\n\n\n<p>Mutta niin kuin kaikkiin satuihin, my\u00f6s t\u00e4h\u00e4n satuun kuuluu varjo. 1990-luvun lama kulki kyl\u00e4n l\u00e4pi ja pys\u00e4htyi monen oven taakse, my\u00f6s tyt\u00f6n perheen. Ty\u00f6tt\u00f6myys ja taloudellinen ep\u00e4varmuus  eiv\u00e4t olleet vain sanoja uutisotsikoissa, vaan ne olivat osa arkea. Noista vuosista j\u00e4i ymm\u00e4rrys, joka on kest\u00e4nyt: vaikka ihminen vastaa itse valinnoistaan, eiv\u00e4t kaikki l\u00e4hde samalta viivalta. Ja niin &#8211; joskus el\u00e4m\u00e4n suunta k\u00e4\u00e4ntyy sellaisten asioiden vuoksi, joihin ei itse voi vaikuttaa.<\/p>\n\n\n\n<p>Kun peruskoulu p\u00e4\u00e4ttyi, tytt\u00f6 valitsi suunnan, jonka ajatteli viev\u00e4n nopeasti ty\u00f6el\u00e4m\u00e4\u00e4n. Ravintola-alan opinnot ammattikoulussa Savonlinnassa n\u00e4ytt\u00e4ytyiv\u00e4t mahdollisuutena p\u00e4\u00e4st\u00e4 nopeasti ty\u00f6h\u00f6n ja el\u00e4tt\u00e4m\u00e4\u00e4n itsens\u00e4. T\u00e4m\u00e4 tie veikin tytt\u00f6\u00e4 eteenp\u00e4in, mutta pian oltiin kuitenkin taas risteyksess\u00e4. Ravintola-ala ei tuntunutkaan omalta. Niinp\u00e4 matka jatkui p\u00e4\u00e4kaupunkiseudulle, miss\u00e4 tytt\u00f6 teki ty\u00f6t\u00e4 toisten arjen tukena. H\u00e4n ty\u00f6skenteli kotiapulaisena, p\u00e4iv\u00e4kotiapulaisena ja lastenohjaajana. Kuusi vuotta kului hoitaen, auttaen ja katsoen maailmaa monesta suunnasta.<\/p>\n\n\n\n<p>Juuri siell\u00e4, ty\u00f6n \u00e4\u00e4ress\u00e4, alkoi uusi polku piirty\u00e4 tyt\u00f6n mieleen. Lastenohjaajaopinnot ja avoimen yliopiston kasvatustieteen kurssit sytyttiv\u00e4t uteliaisuuden: miksi yhteiskunta toimii niin kuin toimii? <\/p>\n\n\n\n<p>Oppiminen alkoi vet\u00e4\u00e4 puoleensa yh\u00e4 vahvemmin ja niinp\u00e4 aikuislukion kautta tie vei yliopistoon\u00a0Joensuuhun. Sinne kulkija j\u00e4i, nyt jo nuoreksi naiseksi varttuneena. Juuret alkoivat kasvaa Pohjois-Karjalaan ja kaksikymment\u00e4 vuotta kului kuin huomaamatta. Pikkupit\u00e4j\u00e4n kasvatti ja p\u00e4\u00e4kaupungin huiskeen kokenut tytt\u00f6 l\u00f6ysi It\u00e4-Suomesta paikan asettua ja katsoa maailmaa sopivan et\u00e4\u00e4lt\u00e4 ja l\u00e4helt\u00e4 yht\u00e4 aikaa. Nuoresta naisesta tuli itsest\u00e4\u00e4nkin \u00e4iti ja sen my\u00f6t\u00e4 h\u00e4n sai alkaa opetella el\u00e4m\u00e4\u00e4 kokonaan uudessa roolissa.<\/p>\n\n\n\n<p>Matkan varrella k\u00e4vi selv\u00e4ksi, ett\u00e4 hyv\u00e4\u00e4 el\u00e4m\u00e4\u00e4 on monenlaista. Ja ett\u00e4 harva rakentaa sen yksin. Yhteiskunta, sen palvelut ja toiset ihmiset ovat osa jokaisen tarinaa. El\u00e4m\u00e4nkokemus opetti my\u00f6s t\u00e4m\u00e4n: kaikki asiat eiv\u00e4t ole mustavalkoisia, eiv\u00e4t el\u00e4m\u00e4ss\u00e4 eiv\u00e4tk\u00e4 politiikassa. Harvoin l\u00f6ytyy yksi ratkaisu, joka sopii kaikkialle ja kaikille.<\/p>\n\n\n\n<p>Siksi kulkija p\u00e4\u00e4tti ryhty\u00e4 ty\u00f6h\u00f6n, jossa kuunnellaan, punnitaan ja sovitetaan yhteen erilaisia n\u00e4k\u00f6kulmia. Politiikkaan h\u00e4n otti mukaansa sek\u00e4 tutkitun tiedon ett\u00e4 arjesta opitun ymm\u00e4rryksen \u2013 sen, joka syntyy, kun on ollut toimeentarttuja, hoivaaja, oppija ja opettaja. Vaikka t\u00e4m\u00e4n sadun loppu nyt v\u00e4\u00e4j\u00e4\u00e4m\u00e4tt\u00e4 l\u00e4hestyy, viel\u00e4 ei ole aika sanoa &#8221;sen pituinen se&#8221;, sill\u00e4 satu jatkuu yh\u00e4. Katsotaan, mihin tyt\u00f6n matka seuraavaksi vie.<\/p>\n","protected":false},"excerpt":{"rendered":"<p>Kauan sitten \u2013 tai ei oikeastaan niin kovin kauan sitten \u2013 syntyi Kainuussa Puolangalla tytt\u00f6, perheen toiseksi lapseksi. Tyt\u00f6n is\u00e4 korjasi pienkoneita, ajoi kuorma-autoa, rakensi taloja &#8211; mit\u00e4 ty\u00f6t\u00e4 nyt milloinkin sattui tarjolla olemaan. Tyt\u00f6n \u00e4iti puolestaan ompeli tehtaalla j\u00e4\u00e4kiekkovarusteita ja hiihtohansikkaita. Pieness\u00e4 pit\u00e4j\u00e4ss\u00e4 el\u00e4m\u00e4 oli yksinkertaista, mutta tarjosi silti monenlaista koettavaa. My\u00f6s vaaramaisemien halki&#8230;<\/p>\n","protected":false},"author":1,"featured_media":0,"parent":0,"menu_order":0,"comment_status":"closed","ping_status":"closed","template":"","meta":{"footnotes":""},"class_list":["post-202","page","type-page","status-publish","hentry"],"_links":{"self":[{"href":"https:\/\/teijaalanen.fi\/index.php\/wp-json\/wp\/v2\/pages\/202","targetHints":{"allow":["GET"]}}],"collection":[{"href":"https:\/\/teijaalanen.fi\/index.php\/wp-json\/wp\/v2\/pages"}],"about":[{"href":"https:\/\/teijaalanen.fi\/index.php\/wp-json\/wp\/v2\/types\/page"}],"author":[{"embeddable":true,"href":"https:\/\/teijaalanen.fi\/index.php\/wp-json\/wp\/v2\/users\/1"}],"replies":[{"embeddable":true,"href":"https:\/\/teijaalanen.fi\/index.php\/wp-json\/wp\/v2\/comments?post=202"}],"version-history":[{"count":4,"href":"https:\/\/teijaalanen.fi\/index.php\/wp-json\/wp\/v2\/pages\/202\/revisions"}],"predecessor-version":[{"id":282,"href":"https:\/\/teijaalanen.fi\/index.php\/wp-json\/wp\/v2\/pages\/202\/revisions\/282"}],"wp:attachment":[{"href":"https:\/\/teijaalanen.fi\/index.php\/wp-json\/wp\/v2\/media?parent=202"}],"curies":[{"name":"wp","href":"https:\/\/api.w.org\/{rel}","templated":true}]}}