{"id":160,"date":"2026-01-23T17:30:33","date_gmt":"2026-01-23T17:30:33","guid":{"rendered":"https:\/\/teijaalanen.fi\/?page_id=160"},"modified":"2026-01-24T06:49:39","modified_gmt":"2026-01-24T06:49:39","slug":"cv","status":"publish","type":"page","link":"https:\/\/teijaalanen.fi\/index.php\/cv\/","title":{"rendered":"CV"},"content":{"rendered":"\n<h4 class=\"wp-block-heading\">TUTKINNOT<\/h4>\n\n\n\n<ul class=\"wp-block-list\">\n<li>12\/2026\u00a0<strong>Hallintotieteen maisteri<\/strong>, johtamisen psykologia, Lapin yliopisto. Kesken. Pro gradu -tutkielma ratkaisukeskeisest\u00e4 johtamisesta.<\/li>\n\n\n\n<li>12\/2016<strong>\u00a0Teologian maisteri<\/strong>, l\u00e4ntisen teologian koulutusohjelma, It\u00e4-Suomen yliopisto. Pro gradu -tutkielma sukupuoli- ja seksuaaliv\u00e4hemmist\u00f6ihin kuuluvien nuorten seurakuntakokemuksista.<\/li>\n\n\n\n<li>09\/2013 <strong>Kasvatustieteen maisteri<\/strong>, ohjauksen koulutus, It\u00e4-Suomen yliopisto. Pro gradu -tutkielma koulutuksen periytymisest\u00e4.<\/li>\n\n\n\n<li>12\/2003&nbsp;<strong>Lapsi- ja perhety\u00f6n perustutkinto<\/strong>, J\u00e4rvenp\u00e4\u00e4n seurakuntaopisto.<\/li>\n\n\n\n<li>12\/2003&nbsp;<strong>Ylioppilas<\/strong>, Viherlaakson aikuislukio.&nbsp;<\/li>\n\n\n\n<li>05\/1999&nbsp;<strong>Hotelli-, ravintola- ja suurtalousalan perustutkinto<\/strong>, Savonlinnan ammatti-instituutti.&nbsp;<\/li>\n<\/ul>\n\n\n\n<h4 class=\"wp-block-heading\">TY\u00d6KOKEMUS<\/h4>\n\n\n\n<ul class=\"wp-block-list\">\n<li>03\/2010 \u2192&nbsp;<strong>Lehtori,<\/strong>&nbsp;Pohjois-Karjalan koulutuskuntayhtym\u00e4, Joensuu. Ammatillisten aineiden opetus varhaiskasvatuksen lastenhoitajille sek\u00e4 nuoriso- ja yhteis\u00f6ohjaajille.<\/li>\n\n\n\n<li>10\/2008-10\/2010 <strong>Opiskelupaikkaneuvoja<\/strong>, Mediatalo Opiskelupaikka Oy.\u00a0<\/li>\n\n\n\n<li>02\/2009-04\/2009\u00a0<strong>Oppilaanohjaaja<\/strong>, Joensuun kaupunki.<\/li>\n\n\n\n<li>04\/2008-01\/2009 <strong>Nuorisoty\u00f6nohjaaja<\/strong>, Enon seurakunta.\u00a0<\/li>\n\n\n\n<li>02\/2003-07\/2005&nbsp;<strong>Lastenohjaaja<\/strong>, Kauniaisten suomalainen seurakunta.&nbsp;<\/li>\n\n\n\n<li>02\/2001-03\/2003&nbsp;<strong>P\u00e4iv\u00e4kotiapulainen \/ lastenhoitaja<\/strong>, yksityinen p\u00e4iv\u00e4koti, Espoo.&nbsp;<\/li>\n\n\n\n<li>06\/1999-09\/2009\u00a0<strong>Lyhyempi\u00e4 ty\u00f6suhteita<\/strong>\u00a0mm. lasten- ja kodinhoitajana, kahvila-ravintolan varavastaavana sek\u00e4 opettajana.<\/li>\n<\/ul>\n\n\n\n<h4 class=\"wp-block-heading\">T\u00c4YDENNYSKOULUTUKSET<\/h4>\n\n\n\n<ul class=\"wp-block-list\">\n<li>03\/2022&nbsp;<strong>Ty\u00f6 ja psyykkinen hyvinvointi 3 op,<\/strong>&nbsp;UEF<\/li>\n\n\n\n<li>11\/2022&nbsp;<strong>L\u00e4hisuhdev\u00e4kivallan sovittelun erikoistumiskoulutus 5 op<\/strong>, THL<\/li>\n\n\n\n<li>05\/2022\u00a0<strong>Luku- ja kirjoitustaidon opetuksen ja oppimisen koulutusohjelma 15 op<\/strong>, JYU<\/li>\n\n\n\n<li>11\/2020&nbsp;<strong>Lasten ja nuorten vuorovaikutus- ja tunnetaidot 10 op<\/strong>, UEF<\/li>\n\n\n\n<li>04\/2020\u00a0<strong>Perhety\u00f6n perusopinnot 25 op<\/strong>, JYU<\/li>\n\n\n\n<li>08\/2018\u00a0<strong>Varhaiskasvatuksen l\u00e4ht\u00f6kohdat 5 op<\/strong>, Karelia-ammattikorkeakoulu<\/li>\n\n\n\n<li>04\/2018&nbsp;<strong>Kognitiivisen k\u00e4ytt\u00e4ytymisterapian menetelm\u00e4t ohjauksessa<\/strong>, Pohjois-Karjalan ELY-keskus<\/li>\n\n\n\n<li>05\/2017&nbsp;<strong>Rikos- ja riita-asioiden sovittelun peruskurssi<\/strong>, Pohjois-Karjalan sovittelutoimisto<\/li>\n\n\n\n<li>05\/2017&nbsp;<strong>Digitaalisen nuorisoty\u00f6n perusteet 3 op<\/strong>, Humanistinen ammattikorkeakoulu<\/li>\n\n\n\n<li>10\/2016&nbsp;<strong>HIV- ja seksuaaliterveysty\u00f6n peruskurssi<\/strong>, SPR<\/li>\n\n\n\n<li>02\/2015&nbsp;<strong>Akuutin kriisin kohtaaminen,<\/strong>&nbsp;Pohjois-Karjalan kes\u00e4yliopisto<\/li>\n\n\n\n<li>12\/2012&nbsp;<strong>Seksuaalikasvatuksen opinnot 10 op<\/strong>, Selkenev\u00e4\u00e4-hanke<\/li>\n\n\n\n<li>12\/2010&nbsp;<strong>Nuorisoty\u00f6t\u00e4 ihan homona<\/strong>&nbsp;<strong>\u2013 seksuaalisen suuntautumisen ja sukupuolen moninaisuuden kohtaaminen<\/strong>, Seta ry<\/li>\n<\/ul>\n","protected":false},"excerpt":{"rendered":"<p>TUTKINNOT TY\u00d6KOKEMUS T\u00c4YDENNYSKOULUTUKSET<\/p>\n","protected":false},"author":1,"featured_media":0,"parent":0,"menu_order":0,"comment_status":"closed","ping_status":"closed","template":"","meta":{"footnotes":""},"class_list":["post-160","page","type-page","status-publish","hentry"],"_links":{"self":[{"href":"https:\/\/teijaalanen.fi\/index.php\/wp-json\/wp\/v2\/pages\/160","targetHints":{"allow":["GET"]}}],"collection":[{"href":"https:\/\/teijaalanen.fi\/index.php\/wp-json\/wp\/v2\/pages"}],"about":[{"href":"https:\/\/teijaalanen.fi\/index.php\/wp-json\/wp\/v2\/types\/page"}],"author":[{"embeddable":true,"href":"https:\/\/teijaalanen.fi\/index.php\/wp-json\/wp\/v2\/users\/1"}],"replies":[{"embeddable":true,"href":"https:\/\/teijaalanen.fi\/index.php\/wp-json\/wp\/v2\/comments?post=160"}],"version-history":[{"count":9,"href":"https:\/\/teijaalanen.fi\/index.php\/wp-json\/wp\/v2\/pages\/160\/revisions"}],"predecessor-version":[{"id":201,"href":"https:\/\/teijaalanen.fi\/index.php\/wp-json\/wp\/v2\/pages\/160\/revisions\/201"}],"wp:attachment":[{"href":"https:\/\/teijaalanen.fi\/index.php\/wp-json\/wp\/v2\/media?parent=160"}],"curies":[{"name":"wp","href":"https:\/\/api.w.org\/{rel}","templated":true}]}}